{"id":705,"date":"2020-06-05T11:25:52","date_gmt":"2020-06-05T09:25:52","guid":{"rendered":"http:\/\/funkcionalnavadba.splet.arnes.si\/?page_id=705"},"modified":"2020-06-05T11:31:41","modified_gmt":"2020-06-05T09:31:41","slug":"izletipohod-tek-kolo","status":"publish","type":"page","link":"https:\/\/funkcionalnavadba.splet.arnes.si\/?page_id=705","title":{"rendered":"Izleti\/pohod, tek, kolo"},"content":{"rendered":"<p>Povzeto: Portal GREMO NA POT<\/p>\n<p>Na spodnjih povezavah so predstavljene ideje za izlete, po pohodni\u0161kih, kolesarskih, teka\u0161kih poteh v okolici Ljubljane.<br \/>\n<strong>OPOZORILO:<\/strong><br \/>\nVse informacije na spletni strani so zgolj informativnega zna\u010daja. Upravitelj spletnega mesta\u00a0 ni odgovoren za povzro\u010deno \u0161kodo ali za nesre\u010de katerih vzrok je napa\u010dna informacija na spletnih straneh. Upravitelj spletnega mesta tudi ne prevzema odgovornosti za vsebino prispevkov, ki so jih objavili uporabniki.<br \/>\n<strong>Prosimo vas, da upo\u0161tevate navodila!<\/strong><br \/>\n<strong>Izvedba vseh aktivnostih je na lastno odgovornost<\/strong>, v skladu z zdravstvenim in psihofizi\u010dnim stanjem posameznika, oziroma v nasprotnem primeru, po navodilih zdravnika.<\/p>\n<p><strong>1. SPLETNI PORTAL GREMO NA POT<br \/>\n<\/strong><a href=\"http:\/\/www.gremonapot.si\/\" target=\"_blank\">http:\/\/www.gremonapot.si\/<\/a><br \/>\nDobrodo\u0161li na <a title=\"Video\" href=\"https:\/\/www.youtube.com\/watch?v=aVN3AifXtu4\" target=\"_blank\">prenovljenem vodniku<\/a> po kolesarskih, pohodni\u0161kih in teka\u0161kih poteh po Ljubljanski urbani regiji.<\/p>\n<p>Regionalna razvojna agencija Ljubljanske urbane regije, Mestna ob\u010dina Ljubljana in ob\u010dine Dom\u017eale, Grosuplje, Medvode, Menge\u0161, Morav\u010de, \u0160kofljica in Trzin je v\u00a0 sodelovanju z Ljubljanskim urbanisti\u010dnim zavodom za vas prenovila spletni portal Gremo na pot. Portal ponuja opise ve\u010d kot dva tiso\u010d kilometrov urejenih tematskih poti, ki so primerne za kolesarjenje, hojo ali tek.<\/p>\n<p>\u017delimo vam veliko prijetnih do\u017eivetij na poteh po Ljubljanski urbani regiji.<\/p>\n<p>&nbsp;<\/p>\n","protected":false},"excerpt":{"rendered":"<p>Povzeto: Portal GREMO NA POT Na spodnjih povezavah so predstavljene ideje za izlete, po pohodni\u0161kih, kolesarskih, teka\u0161kih poteh v okolici Ljubljane. OPOZORILO: Vse informacije na spletni strani so zgolj informativnega zna\u010daja. Upravitelj spletnega mesta\u00a0&#46;&#46;&#46;<\/p>\n","protected":false},"author":16119,"featured_media":0,"parent":0,"menu_order":0,"comment_status":"closed","ping_status":"closed","template":"","meta":{"ngg_post_thumbnail":0,"footnotes":""},"class_list":["post-705","page","type-page","status-publish","hentry"],"_links":{"self":[{"href":"https:\/\/funkcionalnavadba.splet.arnes.si\/index.php?rest_route=\/wp\/v2\/pages\/705","targetHints":{"allow":["GET"]}}],"collection":[{"href":"https:\/\/funkcionalnavadba.splet.arnes.si\/index.php?rest_route=\/wp\/v2\/pages"}],"about":[{"href":"https:\/\/funkcionalnavadba.splet.arnes.si\/index.php?rest_route=\/wp\/v2\/types\/page"}],"author":[{"embeddable":true,"href":"https:\/\/funkcionalnavadba.splet.arnes.si\/index.php?rest_route=\/wp\/v2\/users\/16119"}],"replies":[{"embeddable":true,"href":"https:\/\/funkcionalnavadba.splet.arnes.si\/index.php?rest_route=%2Fwp%2Fv2%2Fcomments&post=705"}],"version-history":[{"count":4,"href":"https:\/\/funkcionalnavadba.splet.arnes.si\/index.php?rest_route=\/wp\/v2\/pages\/705\/revisions"}],"predecessor-version":[{"id":717,"href":"https:\/\/funkcionalnavadba.splet.arnes.si\/index.php?rest_route=\/wp\/v2\/pages\/705\/revisions\/717"}],"wp:attachment":[{"href":"https:\/\/funkcionalnavadba.splet.arnes.si\/index.php?rest_route=%2Fwp%2Fv2%2Fmedia&parent=705"}],"curies":[{"name":"wp","href":"https:\/\/api.w.org\/{rel}","templated":true}]}}