{"id":401,"date":"2020-04-02T14:19:11","date_gmt":"2020-04-02T12:19:11","guid":{"rendered":"http:\/\/funkcionalnavadba.splet.arnes.si\/?page_id=401"},"modified":"2023-01-29T17:37:21","modified_gmt":"2023-01-29T16:37:21","slug":"anatomijafiziologija-telesa","status":"publish","type":"page","link":"https:\/\/funkcionalnavadba.splet.arnes.si\/?page_id=401","title":{"rendered":"Anatomija \/ mi\u0161ice-sklepi"},"content":{"rendered":"\n<p><strong>\u010cLOVE\u0160KO TELO:<br><\/strong>V obliki animacije, je predstavljena anatomija in fiziologija \u010dlove\u0161kega telesa. Stran je v angle\u0161kem jeziku.<\/p>\n\n\n\n<ul class=\"wp-block-list\"><li><a rel=\"noopener noreferrer\" href=\"http:\/\/anatomyzone.com\/3d_atlas\/\" target=\"_blank\">ANATOMIJA IN FIZIOLOGIJA TELESA <\/a>(povzeto po <a href=\"https:\/\/anatomyzone.com\/\" data-type=\"URL\" data-id=\"https:\/\/anatomyzone.com\/\">an<\/a><a href=\"https:\/\/anatomyzone.com\/\" data-type=\"URL\" data-id=\"https:\/\/anatomyzone.com\/\" target=\"_blank\" rel=\"noreferrer noopener\">atomyzone.com<\/a>)<\/li><\/ul>\n\n\n\n<p>Spodnje predstavitve so povzete po: <a rel=\"noreferrer noopener\" href=\"https:\/\/www.youtube.com\/channel\/UC9LucUID-BUjL_c8oAT3vHQ\/videos\" target=\"_blank\">3D Anatomy Lyon<\/a>, <a rel=\"noreferrer noopener\" href=\"https:\/\/www.youtube.com\/channel\/UCPYlaMTeNLk__pMByvqZfaQ\/videos\" target=\"_blank\">3D anatomija Lyon1-Univerza v Ljubljani<\/a>, <a href=\"https:\/\/www.youtube.com\/c\/MuscleandMotion\/videos\" target=\"_blank\" rel=\"noreferrer noopener\">Muscle and Motion<\/a>, <a href=\"https:\/\/www.youtube.com\/user\/sohambliss\/videos\" target=\"_blank\" rel=\"noreferrer noopener\">ThreeTreasuresStudio.com<\/a>, <a href=\"https:\/\/www.youtube.com\/c\/Anatomyzone\/videos\" target=\"_blank\" rel=\"noreferrer noopener\">AnatomyZone<\/a>, <a href=\"https:\/\/www.mozaweb.com\/sl\/\" target=\"_blank\" rel=\"noreferrer noopener\">www.mozaweb.com<\/a><\/p>\n\n\n\n<p>\u010clove\u0161ko telo v obliki animacije, kjer  je mo\u017eno odmikati posamezne plasti, od ko\u017ee, mi\u0161ic,  skeleta, notranjih organov,, limfnih poti, \u017eiv\u010devja, si lahko ogledate na spletni strani: <a rel=\"noreferrer noopener\" href=\"https:\/\/www.zygotebody.com\/#\" target=\"_blank\">ZYGOTE BODY<\/a><br>S klikom na posamezen del telesa, se dobi natan\u010dnej\u0161i ogled tega. Lahko izbirate med \u017eenskim in mo\u0161kim telesom ( izbor se dolo\u010di na levi strani, pod ukazi za dolo\u010ditev smeri obra\u010danja telesa).<\/p>\n\n\n<p>Potek in pomen fascialnih linij (linij mi\u0161i\u010dnih sklopov), ki so povezane, oziroma delujejo vzajemno med gibanjem, si lahko ogledate na strani, povzeti po diplomski nalogi Bojan \u0110or\u0111eski: <a href=\"http:\/\/funkcionalnavadba.splet.arnes.si\/files\/2020\/09\/bojan_dordeskii_fascialne_linije_in_-gibljivost_misic.pdf\" target=\"_blank\" rel=\"noopener noreferrer\">VPLIV RAZTEZANJA ZADNJE FASCIALNE LINIJE NA GIBLJIVOST IN KONTRAKTILNE LASTNOSTI MI\u0160IC<\/a><\/p>\n\n\n<p><strong>MI\u0160ICE GLAVE<\/strong><\/p>\n\n\n\n<figure class=\"wp-block-embed is-type-video is-provider-youtube wp-block-embed-youtube\"><div class=\"wp-block-embed__wrapper\">\n<div class=\"video-container\"><iframe loading=\"lazy\" title=\"Muscles of Facial Expression - Anatomy Tutorial PART 1\" width=\"500\" height=\"281\" src=\"https:\/\/www.youtube.com\/embed\/Xmz3oLrnzBw?list=PLFC6EDFB29AA50FAC\" frameborder=\"0\" allow=\"accelerometer; autoplay; clipboard-write; encrypted-media; gyroscope; picture-in-picture; web-share\" referrerpolicy=\"strict-origin-when-cross-origin\" allowfullscreen><\/iframe><\/div>\n<\/div><\/figure>\n\n\n<p><strong>MI\u0160ICE O\u010cI<\/strong><\/p>\n\n\n<figure class=\"wp-block-embed is-type-video is-provider-youtube wp-block-embed-youtube\"><div class=\"wp-block-embed__wrapper\">\n<div class=\"video-container\"><iframe loading=\"lazy\" title=\"Extraocular Muscles | Eye Anatomy\" width=\"500\" height=\"281\" src=\"https:\/\/www.youtube.com\/embed\/f_rb6FMVHPk?start=2&#038;feature=oembed&#038;wmode=opaque\" frameborder=\"0\" allow=\"accelerometer; autoplay; clipboard-write; encrypted-media; gyroscope; picture-in-picture; web-share\" referrerpolicy=\"strict-origin-when-cross-origin\" allowfullscreen><\/iframe><\/div>\n<\/div><\/figure>\n\n\n<p><strong>VRAT \u2013 FUNKCIJA MI\u0160IC, KI SODELUJEJO PRI PREMIKANJU VRATU<\/strong><\/p>\n\n\n<figure class=\"wp-block-embed is-type-video is-provider-youtube wp-block-embed-youtube\"><div class=\"wp-block-embed__wrapper\">\n<div class=\"video-container\"><iframe loading=\"lazy\" title=\"Muscle testing | Neck flexors | Neck stretching\" width=\"500\" height=\"375\" src=\"https:\/\/www.youtube.com\/embed\/4-k3As4MWB4?feature=oembed&#038;wmode=opaque\" frameborder=\"0\" allow=\"accelerometer; autoplay; clipboard-write; encrypted-media; gyroscope; picture-in-picture; web-share\" referrerpolicy=\"strict-origin-when-cross-origin\" allowfullscreen><\/iframe><\/div>\n<\/div><\/figure>\n\n\n<div style=\"width: 974px;\" class=\"wp-video\"><video class=\"wp-video-shortcode\" id=\"video-401-1\" width=\"974\" height=\"608\" preload=\"metadata\" controls=\"controls\"><source type=\"video\/mp4\" src=\"http:\/\/funkcionalnavadba.splet.arnes.si\/files\/2020\/04\/premikanje_glave.mp4?_=1\" \/><a href=\"http:\/\/funkcionalnavadba.splet.arnes.si\/files\/2020\/04\/premikanje_glave.mp4\">http:\/\/funkcionalnavadba.splet.arnes.si\/files\/2020\/04\/premikanje_glave.mp4<\/a><\/video><\/div>\n<p><strong>DIHANJE \u2013 FUNKCIJA MI\u0160IC, KI SODELUJEJO PRI DIHANJU<\/strong><\/p>\n\n\n<figure class=\"wp-block-embed is-type-video is-provider-youtube wp-block-embed-youtube\"><div class=\"wp-block-embed__wrapper\">\nhttps:\/\/www.youtube.com\/watch?v=O3nLJgRO-d8&#038;feature=emb_logo\n<\/div><\/figure>\n\n\n<p><strong>TREBU\u0160NE MI\u0160ICE \u2013 FUNKCIJA<\/strong><\/p>\n\n\n<figure class=\"wp-block-embed is-type-video is-provider-youtube wp-block-embed-youtube\"><div class=\"wp-block-embed__wrapper\">\n<div class=\"video-container\"><iframe loading=\"lazy\" title=\"How Abdominal Muscles Work\" width=\"500\" height=\"281\" src=\"https:\/\/www.youtube.com\/embed\/4MeLHSjESlU?feature=oembed&#038;wmode=opaque\" frameborder=\"0\" allow=\"accelerometer; autoplay; clipboard-write; encrypted-media; gyroscope; picture-in-picture; web-share\" referrerpolicy=\"strict-origin-when-cross-origin\" allowfullscreen><\/iframe><\/div>\n<\/div><\/figure>\n\n\n\n<figure class=\"wp-block-embed is-type-video is-provider-youtube wp-block-embed-youtube\"><div class=\"wp-block-embed__wrapper\">\n<div class=\"video-container\"><iframe loading=\"lazy\" title=\"Trebu\u0161ne misice funkcija\" width=\"500\" height=\"281\" src=\"https:\/\/www.youtube.com\/embed\/Ur4o_XaPNh0?start=1&#038;feature=oembed&#038;wmode=opaque\" frameborder=\"0\" allow=\"accelerometer; autoplay; clipboard-write; encrypted-media; gyroscope; picture-in-picture; web-share\" referrerpolicy=\"strict-origin-when-cross-origin\" allowfullscreen><\/iframe><\/div>\n<\/div><\/figure>\n\n\n<p><strong>HRBTNE MI\u0160ICE \u2013 FUNKCIJA<\/strong><\/p>\n\n\n<figure class=\"wp-block-embed is-type-video is-provider-youtube wp-block-embed-youtube\"><div class=\"wp-block-embed__wrapper\">\n<div class=\"video-container\"><iframe loading=\"lazy\" title=\"3D Back Muscles\" width=\"500\" height=\"375\" src=\"https:\/\/www.youtube.com\/embed\/xSCSIKMTdU4?feature=oembed&#038;wmode=opaque\" frameborder=\"0\" allow=\"accelerometer; autoplay; clipboard-write; encrypted-media; gyroscope; picture-in-picture; web-share\" referrerpolicy=\"strict-origin-when-cross-origin\" allowfullscreen><\/iframe><\/div>\n<\/div><\/figure>\n\n\n\n<figure class=\"wp-block-embed is-type-video is-provider-youtube wp-block-embed-youtube\"><div class=\"wp-block-embed__wrapper\">\n<div class=\"video-container\"><iframe loading=\"lazy\" title=\"Hrbtne mi\u0161ice, funkcija\" width=\"500\" height=\"281\" src=\"https:\/\/www.youtube.com\/embed\/0P1KJ3QQmQo?feature=oembed&#038;wmode=opaque\" frameborder=\"0\" allow=\"accelerometer; autoplay; clipboard-write; encrypted-media; gyroscope; picture-in-picture; web-share\" referrerpolicy=\"strict-origin-when-cross-origin\" allowfullscreen><\/iframe><\/div>\n<\/div><\/figure>\n\n\n<p><strong>ZVEZE IN VEZI HRBTENICE \u2013 FUNKCIJA<\/strong><\/p>\n\n\n<figure class=\"wp-block-embed is-type-video is-provider-youtube wp-block-embed-youtube\"><div class=\"wp-block-embed__wrapper\">\n<div class=\"video-container\"><iframe loading=\"lazy\" title=\"ZVEZE IN VEZI HRBTENICE\" width=\"500\" height=\"281\" src=\"https:\/\/www.youtube.com\/embed\/E6CGMup65B0?feature=oembed&#038;wmode=opaque\" frameborder=\"0\" allow=\"accelerometer; autoplay; clipboard-write; encrypted-media; gyroscope; picture-in-picture; web-share\" referrerpolicy=\"strict-origin-when-cross-origin\" allowfullscreen><\/iframe><\/div>\n<\/div><\/figure>\n\n\n<p><strong>MI\u0160ICE NADLAKTI<\/strong><\/p>\n\n\n<figure class=\"wp-block-embed is-type-video is-provider-youtube wp-block-embed-youtube\"><div class=\"wp-block-embed__wrapper\">\n<div class=\"video-container\"><iframe loading=\"lazy\" title=\"M biceps brachii\" width=\"500\" height=\"281\" src=\"https:\/\/www.youtube.com\/embed\/h5iz8nE3o7Y?feature=oembed&#038;wmode=opaque\" frameborder=\"0\" allow=\"accelerometer; autoplay; clipboard-write; encrypted-media; gyroscope; picture-in-picture; web-share\" referrerpolicy=\"strict-origin-when-cross-origin\" allowfullscreen><\/iframe><\/div>\n<\/div><\/figure>\n\n\n\n<figure class=\"wp-block-embed is-type-video is-provider-youtube wp-block-embed-youtube\"><div class=\"wp-block-embed__wrapper\">\n<div class=\"video-container\"><iframe loading=\"lazy\" title=\"Lo\u017ee zgornjega uda\" width=\"500\" height=\"281\" src=\"https:\/\/www.youtube.com\/embed\/eJlvmK-AJX4?start=2&#038;feature=oembed&#038;wmode=opaque\" frameborder=\"0\" allow=\"accelerometer; autoplay; clipboard-write; encrypted-media; gyroscope; picture-in-picture; web-share\" referrerpolicy=\"strict-origin-when-cross-origin\" allowfullscreen><\/iframe><\/div>\n<\/div><\/figure>\n\n\n<p><strong>KOMOLEC \u2013 SKLEP<\/strong><\/p>\n\n\n<figure class=\"wp-block-embed is-type-video is-provider-youtube wp-block-embed-youtube\"><div class=\"wp-block-embed__wrapper\">\n<div class=\"video-container\"><iframe loading=\"lazy\" title=\"Komolec (1)\" width=\"500\" height=\"281\" src=\"https:\/\/www.youtube.com\/embed\/5UNK9EyrXlY?feature=oembed&#038;wmode=opaque\" frameborder=\"0\" allow=\"accelerometer; autoplay; clipboard-write; encrypted-media; gyroscope; picture-in-picture; web-share\" referrerpolicy=\"strict-origin-when-cross-origin\" allowfullscreen><\/iframe><\/div>\n<\/div><\/figure>\n\n\n<p><strong>PODLAKET \u2013 MI\u0160ICE<\/strong><\/p>\n\n\n<figure class=\"wp-block-embed is-type-video is-provider-youtube wp-block-embed-youtube\"><div class=\"wp-block-embed__wrapper\">\n<div class=\"video-container\"><iframe loading=\"lazy\" title=\"Forearm Muscles | Flashcard Anatomy\" width=\"500\" height=\"281\" src=\"https:\/\/www.youtube.com\/embed\/uBwB7BsURkc?feature=oembed&#038;wmode=opaque\" frameborder=\"0\" allow=\"accelerometer; autoplay; clipboard-write; encrypted-media; gyroscope; picture-in-picture; web-share\" referrerpolicy=\"strict-origin-when-cross-origin\" allowfullscreen><\/iframe><\/div>\n<\/div><\/figure>\n\n\n<p><strong>ZAPESTJE \u2013 SKLEP<\/strong><\/p>\n\n\n<figure class=\"wp-block-embed is-type-video is-provider-youtube wp-block-embed-youtube\"><div class=\"wp-block-embed__wrapper\">\n<div class=\"video-container\"><iframe loading=\"lazy\" title=\"Zapestni sklep\" width=\"500\" height=\"281\" src=\"https:\/\/www.youtube.com\/embed\/2T0olcg3vN0?feature=oembed&#038;wmode=opaque\" frameborder=\"0\" allow=\"accelerometer; autoplay; clipboard-write; encrypted-media; gyroscope; picture-in-picture; web-share\" referrerpolicy=\"strict-origin-when-cross-origin\" allowfullscreen><\/iframe><\/div>\n<\/div><\/figure>\n\n\n<p><strong>DLAN \u2013 SKLEPI<\/strong><\/p>\n\n\n<figure class=\"wp-block-embed is-type-video is-provider-youtube wp-block-embed-youtube\"><div class=\"wp-block-embed__wrapper\">\n<div class=\"video-container\"><iframe loading=\"lazy\" title=\"The hand the thumb and opposition\" width=\"500\" height=\"281\" src=\"https:\/\/www.youtube.com\/embed\/rU31sDjTJ1s?start=2&#038;feature=oembed&#038;wmode=opaque\" frameborder=\"0\" allow=\"accelerometer; autoplay; clipboard-write; encrypted-media; gyroscope; picture-in-picture; web-share\" referrerpolicy=\"strict-origin-when-cross-origin\" allowfullscreen><\/iframe><\/div>\n<\/div><\/figure>\n\n\n<p><strong>DLAN \u2013 MI\u0160ICE<\/strong><\/p>\n\n\n<figure class=\"wp-block-embed is-type-video is-provider-youtube wp-block-embed-youtube\"><div class=\"wp-block-embed__wrapper\">\n<div class=\"video-container\"><iframe loading=\"lazy\" title=\"Hand Muscles | Flashcard Anatomy\" width=\"500\" height=\"281\" src=\"https:\/\/www.youtube.com\/embed\/PVoOCZpu8kY?feature=oembed&#038;wmode=opaque\" frameborder=\"0\" allow=\"accelerometer; autoplay; clipboard-write; encrypted-media; gyroscope; picture-in-picture; web-share\" referrerpolicy=\"strict-origin-when-cross-origin\" allowfullscreen><\/iframe><\/div>\n<\/div><\/figure>\n\n\n<p><strong>VELIKA ZADNJI\u010cNA MI\u0160ICA \u2013 FUNKCIJA<\/strong><\/p>\n\n\n<figure class=\"wp-block-embed is-type-video is-provider-youtube wp-block-embed-youtube\"><div class=\"wp-block-embed__wrapper\">\n<div class=\"video-container\"><iframe loading=\"lazy\" title=\"Gluteus Maximus Muscle\" width=\"500\" height=\"375\" src=\"https:\/\/www.youtube.com\/embed\/jKb3TbMZd24?feature=oembed&#038;wmode=opaque\" frameborder=\"0\" allow=\"accelerometer; autoplay; clipboard-write; encrypted-media; gyroscope; picture-in-picture; web-share\" referrerpolicy=\"strict-origin-when-cross-origin\" allowfullscreen><\/iframe><\/div>\n<\/div><\/figure>\n\n\n<p><strong>MALA IN SREDNJA ZADNJI\u010cNA MI\u0160ICA \u2013 FUNKCIJA<\/strong><\/p>\n\n\n<figure class=\"wp-block-embed is-type-video is-provider-youtube wp-block-embed-youtube\"><div class=\"wp-block-embed__wrapper\">\n<div class=\"video-container\"><iframe loading=\"lazy\" title=\"M gluteus minimus M gluteus medius\" width=\"500\" height=\"281\" src=\"https:\/\/www.youtube.com\/embed\/i3TiDrmS9HQ?feature=oembed&#038;wmode=opaque\" frameborder=\"0\" allow=\"accelerometer; autoplay; clipboard-write; encrypted-media; gyroscope; picture-in-picture; web-share\" referrerpolicy=\"strict-origin-when-cross-origin\" allowfullscreen><\/iframe><\/div>\n<\/div><\/figure>\n\n\n<p><strong>ILIOPSOAS-SESTAVLJAJO TRI MI\u0160ICE: ILIACUS, PSOAS MAJOR, PSOAS \u2013 FUNKCIJA<\/strong><\/p>\n\n\n<figure class=\"wp-block-embed is-type-video is-provider-youtube wp-block-embed-youtube\"><div class=\"wp-block-embed__wrapper\">\n<div class=\"video-container\"><iframe loading=\"lazy\" title=\"M ilio psoas\" width=\"500\" height=\"281\" src=\"https:\/\/www.youtube.com\/embed\/juAMRv2X4yY?feature=oembed&#038;wmode=opaque\" frameborder=\"0\" allow=\"accelerometer; autoplay; clipboard-write; encrypted-media; gyroscope; picture-in-picture; web-share\" referrerpolicy=\"strict-origin-when-cross-origin\" allowfullscreen><\/iframe><\/div>\n<\/div><\/figure>\n\n\n<p><strong>TROHANTERNE MI\u0160ICE KOL\u010cNEGA SKLEPA \u2013 FUNKCIJA<\/strong><\/p>\n\n\n<figure class=\"wp-block-embed is-type-video is-provider-youtube wp-block-embed-youtube\"><div class=\"wp-block-embed__wrapper\">\n<div class=\"video-container\"><iframe loading=\"lazy\" title=\"Muscles pelvi-trochant\u00e9riens\" width=\"500\" height=\"281\" src=\"https:\/\/www.youtube.com\/embed\/rx0DLKGGeE8?start=4&#038;feature=oembed&#038;wmode=opaque\" frameborder=\"0\" allow=\"accelerometer; autoplay; clipboard-write; encrypted-media; gyroscope; picture-in-picture; web-share\" referrerpolicy=\"strict-origin-when-cross-origin\" allowfullscreen><\/iframe><\/div>\n<\/div><\/figure>\n\n\n<p><strong>STEGENSKE MI\u0160ICE \u2013 FUNKCIJA<\/strong><\/p>\n\n\n<figure class=\"wp-block-embed is-type-video is-provider-youtube wp-block-embed-youtube\"><div class=\"wp-block-embed__wrapper\">\n<div class=\"video-container\"><iframe loading=\"lazy\" title=\"Stegenske loze\" width=\"500\" height=\"281\" src=\"https:\/\/www.youtube.com\/embed\/1NsOXOwI42w?feature=oembed&#038;wmode=opaque\" frameborder=\"0\" allow=\"accelerometer; autoplay; clipboard-write; encrypted-media; gyroscope; picture-in-picture; web-share\" referrerpolicy=\"strict-origin-when-cross-origin\" allowfullscreen><\/iframe><\/div>\n<\/div><\/figure>\n\n\n<p><strong>MI\u0160ICE SPODNJEGA DELA NOG \u2013 FUNKCIJA<\/strong><\/p>\n\n\n<figure class=\"wp-block-embed is-type-video is-provider-youtube wp-block-embed-youtube\"><div class=\"wp-block-embed__wrapper\">\n<div class=\"video-container\"><iframe loading=\"lazy\" title=\"La loge post\u00e9rieure de la jambe: plan profond\" width=\"500\" height=\"281\" src=\"https:\/\/www.youtube.com\/embed\/lAeJiE0olpQ?feature=oembed&#038;wmode=opaque\" frameborder=\"0\" allow=\"accelerometer; autoplay; clipboard-write; encrypted-media; gyroscope; picture-in-picture; web-share\" referrerpolicy=\"strict-origin-when-cross-origin\" allowfullscreen><\/iframe><\/div>\n<\/div><\/figure>\n\n\n\n<figure class=\"wp-block-embed is-type-video is-provider-youtube wp-block-embed-youtube\"><div class=\"wp-block-embed__wrapper\">\n<div class=\"video-container\"><iframe loading=\"lazy\" title=\"La jambe. Loge lat\u00e9rale. Court et long fibulaires\" width=\"500\" height=\"281\" src=\"https:\/\/www.youtube.com\/embed\/LUE7qYL5CYM?feature=oembed&#038;wmode=opaque\" frameborder=\"0\" allow=\"accelerometer; autoplay; clipboard-write; encrypted-media; gyroscope; picture-in-picture; web-share\" referrerpolicy=\"strict-origin-when-cross-origin\" allowfullscreen><\/iframe><\/div>\n<\/div><\/figure>\n\n\n<p><strong data-rich-text-format-boundary=\"true\">KOLENO &#8211; VEZI &#8211; FUNKCIJA<\/strong><\/p>\n\n\n<figure class=\"wp-block-embed is-type-video is-provider-youtube wp-block-embed-youtube\"><div class=\"wp-block-embed__wrapper\">\n<div class=\"video-container\"><iframe loading=\"lazy\" title=\"Articulation du genou\" width=\"500\" height=\"375\" src=\"https:\/\/www.youtube.com\/embed\/aJNjU8SI8b0?start=2&#038;feature=oembed&#038;wmode=opaque\" frameborder=\"0\" allow=\"accelerometer; autoplay; clipboard-write; encrypted-media; gyroscope; picture-in-picture; web-share\" referrerpolicy=\"strict-origin-when-cross-origin\" allowfullscreen><\/iframe><\/div>\n<\/div><\/figure>\n\n\n\n<p><strong>STOPALO &#8211; MI\u0160ICE IN VEZI-FUNKCIJA<\/strong><\/p>\n\n\n\n<figure class=\"wp-block-embed is-type-video is-provider-youtube wp-block-embed-youtube\"><div class=\"wp-block-embed__wrapper\">\n<div class=\"video-container\"><iframe loading=\"lazy\" title=\"La jambe. Loge ant\u00e9rieure. Le retinaculum de la loge des extenseurs du pied.\" width=\"500\" height=\"281\" src=\"https:\/\/www.youtube.com\/embed\/T7L3QlUd2kI?feature=oembed&#038;wmode=opaque\" frameborder=\"0\" allow=\"accelerometer; autoplay; clipboard-write; encrypted-media; gyroscope; picture-in-picture; web-share\" referrerpolicy=\"strict-origin-when-cross-origin\" allowfullscreen><\/iframe><\/div>\n<\/div><\/figure>\n\n\n<p><strong>STOPALO &#8211; SKLEPI- FUNKCIJA<\/strong><\/p>\n\n\n<figure class=\"wp-block-embed is-type-video is-provider-youtube wp-block-embed-youtube\"><div class=\"wp-block-embed__wrapper\">\n<div class=\"video-container\"><iframe loading=\"lazy\" title=\"Stopalo\" width=\"500\" height=\"281\" src=\"https:\/\/www.youtube.com\/embed\/YU2FnaSzM8E?feature=oembed&#038;wmode=opaque\" frameborder=\"0\" allow=\"accelerometer; autoplay; clipboard-write; encrypted-media; gyroscope; picture-in-picture; web-share\" referrerpolicy=\"strict-origin-when-cross-origin\" allowfullscreen><\/iframe><\/div>\n<\/div><\/figure>\n\n\n\n<p><\/p>\n","protected":false},"excerpt":{"rendered":"<p>\u010cLOVE\u0160KO TELO:V obliki animacije, je predstavljena anatomija in fiziologija \u010dlove\u0161kega telesa. Stran je v angle\u0161kem jeziku. ANATOMIJA IN FIZIOLOGIJA TELESA (povzeto po anatomyzone.com) Spodnje predstavitve so povzete po: 3D Anatomy Lyon, 3D anatomija Lyon1-Univerza&#46;&#46;&#46;<\/p>\n","protected":false},"author":16119,"featured_media":0,"parent":0,"menu_order":3,"comment_status":"closed","ping_status":"closed","template":"","meta":{"ngg_post_thumbnail":0,"footnotes":""},"class_list":["post-401","page","type-page","status-publish","hentry"],"_links":{"self":[{"href":"https:\/\/funkcionalnavadba.splet.arnes.si\/index.php?rest_route=\/wp\/v2\/pages\/401","targetHints":{"allow":["GET"]}}],"collection":[{"href":"https:\/\/funkcionalnavadba.splet.arnes.si\/index.php?rest_route=\/wp\/v2\/pages"}],"about":[{"href":"https:\/\/funkcionalnavadba.splet.arnes.si\/index.php?rest_route=\/wp\/v2\/types\/page"}],"author":[{"embeddable":true,"href":"https:\/\/funkcionalnavadba.splet.arnes.si\/index.php?rest_route=\/wp\/v2\/users\/16119"}],"replies":[{"embeddable":true,"href":"https:\/\/funkcionalnavadba.splet.arnes.si\/index.php?rest_route=%2Fwp%2Fv2%2Fcomments&post=401"}],"version-history":[{"count":77,"href":"https:\/\/funkcionalnavadba.splet.arnes.si\/index.php?rest_route=\/wp\/v2\/pages\/401\/revisions"}],"predecessor-version":[{"id":1247,"href":"https:\/\/funkcionalnavadba.splet.arnes.si\/index.php?rest_route=\/wp\/v2\/pages\/401\/revisions\/1247"}],"wp:attachment":[{"href":"https:\/\/funkcionalnavadba.splet.arnes.si\/index.php?rest_route=%2Fwp%2Fv2%2Fmedia&parent=401"}],"curies":[{"name":"wp","href":"https:\/\/api.w.org\/{rel}","templated":true}]}}