{"id":293,"date":"2020-03-27T12:58:27","date_gmt":"2020-03-27T11:58:27","guid":{"rendered":"http:\/\/funkcionalnavadba.splet.arnes.si\/?page_id=293"},"modified":"2020-06-22T18:02:36","modified_gmt":"2020-06-22T16:02:36","slug":"domov","status":"publish","type":"page","link":"https:\/\/funkcionalnavadba.splet.arnes.si\/","title":{"rendered":"Uvodna stran"},"content":{"rendered":"<p><strong>Funkcionalna vadba<\/strong> v svojem bistvu skriva vadbo, ki je sestavljena iz kompleksnih gibov in vaj, v nasprotju z vadbo v fitnesu, pri kateri vade\u010di izvajajo vaje v sede\u010dem fiksiranem polo\u017eaju in v enem ali dveh sklepih.<\/p>\n<p>Pri vadbi ne potrebujemo posebnih pripomo\u010dkov, saj za treninge popolnoma zado\u0161\u010da te\u017ea na\u0161ega telesa, treninge pa lahko popestrimo tudi z uporabo kolebnice, kettlebellov, prostih ute\u017ei, TRX-a, teka ipd.<\/p>\n<p><img loading=\"lazy\" decoding=\"async\" class=\"alignnone wp-image-121 size-full\" src=\"http:\/\/funkcionalnavadba.splet.arnes.si\/files\/2020\/03\/SLIKA_GLAVA.png\" alt=\"\" width=\"670\" height=\"233\" srcset=\"https:\/\/funkcionalnavadba.splet.arnes.si\/files\/2020\/03\/SLIKA_GLAVA.png 670w, https:\/\/funkcionalnavadba.splet.arnes.si\/files\/2020\/03\/SLIKA_GLAVA-300x104.png 300w, https:\/\/funkcionalnavadba.splet.arnes.si\/files\/2020\/03\/SLIKA_GLAVA-500x174.png 500w\" sizes=\"auto, (max-width: 670px) 100vw, 670px\" \/><\/p>\n<p>&nbsp;<\/p>\n<p>&nbsp;<\/p>\n","protected":false},"excerpt":{"rendered":"<p>Funkcionalna vadba v svojem bistvu skriva vadbo, ki je sestavljena iz kompleksnih gibov in vaj, v nasprotju z vadbo v fitnesu, pri kateri vade\u010di izvajajo vaje v sede\u010dem fiksiranem polo\u017eaju in v enem ali&#46;&#46;&#46;<\/p>\n","protected":false},"author":16119,"featured_media":0,"parent":0,"menu_order":1,"comment_status":"closed","ping_status":"closed","template":"","meta":{"ngg_post_thumbnail":0,"footnotes":""},"class_list":["post-293","page","type-page","status-publish","hentry"],"_links":{"self":[{"href":"https:\/\/funkcionalnavadba.splet.arnes.si\/index.php?rest_route=\/wp\/v2\/pages\/293","targetHints":{"allow":["GET"]}}],"collection":[{"href":"https:\/\/funkcionalnavadba.splet.arnes.si\/index.php?rest_route=\/wp\/v2\/pages"}],"about":[{"href":"https:\/\/funkcionalnavadba.splet.arnes.si\/index.php?rest_route=\/wp\/v2\/types\/page"}],"author":[{"embeddable":true,"href":"https:\/\/funkcionalnavadba.splet.arnes.si\/index.php?rest_route=\/wp\/v2\/users\/16119"}],"replies":[{"embeddable":true,"href":"https:\/\/funkcionalnavadba.splet.arnes.si\/index.php?rest_route=%2Fwp%2Fv2%2Fcomments&post=293"}],"version-history":[{"count":7,"href":"https:\/\/funkcionalnavadba.splet.arnes.si\/index.php?rest_route=\/wp\/v2\/pages\/293\/revisions"}],"predecessor-version":[{"id":783,"href":"https:\/\/funkcionalnavadba.splet.arnes.si\/index.php?rest_route=\/wp\/v2\/pages\/293\/revisions\/783"}],"wp:attachment":[{"href":"https:\/\/funkcionalnavadba.splet.arnes.si\/index.php?rest_route=%2Fwp%2Fv2%2Fmedia&parent=293"}],"curies":[{"name":"wp","href":"https:\/\/api.w.org\/{rel}","templated":true}]}}