{"id":139,"date":"2020-03-27T10:04:16","date_gmt":"2020-03-27T09:04:16","guid":{"rendered":"http:\/\/funkcionalnavadba.splet.arnes.si\/?page_id=139"},"modified":"2021-03-21T14:22:29","modified_gmt":"2021-03-21T13:22:29","slug":"vaje-korekcijadrza","status":"publish","type":"page","link":"https:\/\/funkcionalnavadba.splet.arnes.si\/?page_id=139","title":{"rendered":"Vaje &#8211; korekcija \/ dr\u017ea"},"content":{"rendered":"<p>Vaje izvajajte po\u010dasi. Izhodi\u0161\u010de naj bo sklep, od koder izhaja gib. Ne premikajte ostalih delov telesa. Ko pripoje primikate izdihnite, ko jih razmikate vdihnite.<br \/>Povzeto po: <a href=\"https:\/\/www.lumowell.com\/workout-videos.html\" target=\"_blank\" rel=\"noopener noreferrer\">www.lumowell.com<\/a><\/p>\n<p><strong>VAJE ZA RAMENA<\/strong><\/p>\n\n\n<figure class=\"wp-block-embed-youtube wp-block-embed is-type-video is-provider-youtube\"><div class=\"wp-block-embed__wrapper\">\n<div class=\"video-container\"><iframe loading=\"lazy\" title=\"Posture Exercises: Rounded Shoulders. Fix Your Shoulder Posture.\" width=\"500\" height=\"281\" src=\"https:\/\/www.youtube.com\/embed\/kfm6C-4MkN4?feature=oembed&#038;wmode=opaque\" frameborder=\"0\" allow=\"accelerometer; autoplay; clipboard-write; encrypted-media; gyroscope; picture-in-picture; web-share\" referrerpolicy=\"strict-origin-when-cross-origin\" allowfullscreen><\/iframe><\/div>\n<\/div><\/figure>\n\n\n<p><strong>VAJE ZA BOLJ\u0160O DR\u017dO<\/strong><\/p>\n\n\n<figure class=\"wp-block-embed-youtube wp-block-embed is-type-video is-provider-youtube\"><div class=\"wp-block-embed__wrapper\">\n<div class=\"video-container\"><iframe loading=\"lazy\" title=\"Posture Correction Exercises\" width=\"500\" height=\"281\" src=\"https:\/\/www.youtube.com\/embed\/eYhyKFxK9ZA?start=1&#038;feature=oembed&#038;wmode=opaque\" frameborder=\"0\" allow=\"accelerometer; autoplay; clipboard-write; encrypted-media; gyroscope; picture-in-picture; web-share\" referrerpolicy=\"strict-origin-when-cross-origin\" allowfullscreen><\/iframe><\/div>\n<\/div><\/figure>\n\n\n\n<figure class=\"wp-block-embed-youtube wp-block-embed is-type-video is-provider-youtube\"><div class=\"wp-block-embed__wrapper\">\n<div class=\"video-container\"><iframe loading=\"lazy\" title=\"Fix Your Posture. Exercises to Improve Your Posture and Prevent Rounded Shoulders\" width=\"500\" height=\"281\" src=\"https:\/\/www.youtube.com\/embed\/FLbIq2cV7Fs?feature=oembed&#038;wmode=opaque\" frameborder=\"0\" allow=\"accelerometer; autoplay; clipboard-write; encrypted-media; gyroscope; picture-in-picture; web-share\" referrerpolicy=\"strict-origin-when-cross-origin\" allowfullscreen><\/iframe><\/div>\n<\/div><\/figure>\n\n\n\n<figure class=\"wp-block-embed-youtube wp-block-embed is-type-video is-provider-youtube\"><div class=\"wp-block-embed__wrapper\">\n<div class=\"video-container\"><iframe loading=\"lazy\" title=\"Posture Workout at Home\" width=\"500\" height=\"281\" src=\"https:\/\/www.youtube.com\/embed\/K9fGou1igIw?feature=oembed&#038;wmode=opaque\" frameborder=\"0\" allow=\"accelerometer; autoplay; clipboard-write; encrypted-media; gyroscope; picture-in-picture; web-share\" referrerpolicy=\"strict-origin-when-cross-origin\" allowfullscreen><\/iframe><\/div>\n<\/div><\/figure>\n\n\n<p><strong>VAJE ZA VRAT<\/strong><\/p>\n\n\n<figure class=\"wp-block-embed-youtube wp-block-embed is-type-video is-provider-youtube\"><div class=\"wp-block-embed__wrapper\">\n<div class=\"video-container\"><iframe loading=\"lazy\" title=\"Neck Stretches for Neck Pain, Tension Headaches, Flexibility and Stress Relief\" width=\"500\" height=\"281\" src=\"https:\/\/www.youtube.com\/embed\/0fkXazGb6eY?feature=oembed&#038;wmode=opaque\" frameborder=\"0\" allow=\"accelerometer; autoplay; clipboard-write; encrypted-media; gyroscope; picture-in-picture; web-share\" referrerpolicy=\"strict-origin-when-cross-origin\" allowfullscreen><\/iframe><\/div>\n<\/div><\/figure>\n\n\n\n<figure class=\"wp-block-embed-youtube wp-block-embed is-type-video is-provider-youtube\"><div class=\"wp-block-embed__wrapper\">\n<div class=\"video-container\"><iframe loading=\"lazy\" title=\"Neck Pain Relief Exercises - Neck Stretches for Cervical Pain, Tension and Stress\" width=\"500\" height=\"281\" src=\"https:\/\/www.youtube.com\/embed\/YyzzdPQ3qNQ?feature=oembed&#038;wmode=opaque\" frameborder=\"0\" allow=\"accelerometer; autoplay; clipboard-write; encrypted-media; gyroscope; picture-in-picture; web-share\" referrerpolicy=\"strict-origin-when-cross-origin\" allowfullscreen><\/iframe><\/div>\n<\/div><\/figure>\n","protected":false},"excerpt":{"rendered":"<p>Vaje izvajajte po\u010dasi. Izhodi\u0161\u010de naj bo sklep, od koder izhaja gib. Ne premikajte ostalih delov telesa. Ko pripoje primikate izdihnite, ko jih razmikate vdihnite.Povzeto po: www.lumowell.com VAJE ZA RAMENA VAJE ZA BOLJ\u0160O DR\u017dO VAJE&#46;&#46;&#46;<\/p>\n","protected":false},"author":16119,"featured_media":0,"parent":0,"menu_order":12,"comment_status":"closed","ping_status":"closed","template":"","meta":{"ngg_post_thumbnail":0,"footnotes":""},"class_list":["post-139","page","type-page","status-publish","hentry"],"_links":{"self":[{"href":"https:\/\/funkcionalnavadba.splet.arnes.si\/index.php?rest_route=\/wp\/v2\/pages\/139","targetHints":{"allow":["GET"]}}],"collection":[{"href":"https:\/\/funkcionalnavadba.splet.arnes.si\/index.php?rest_route=\/wp\/v2\/pages"}],"about":[{"href":"https:\/\/funkcionalnavadba.splet.arnes.si\/index.php?rest_route=\/wp\/v2\/types\/page"}],"author":[{"embeddable":true,"href":"https:\/\/funkcionalnavadba.splet.arnes.si\/index.php?rest_route=\/wp\/v2\/users\/16119"}],"replies":[{"embeddable":true,"href":"https:\/\/funkcionalnavadba.splet.arnes.si\/index.php?rest_route=%2Fwp%2Fv2%2Fcomments&post=139"}],"version-history":[{"count":16,"href":"https:\/\/funkcionalnavadba.splet.arnes.si\/index.php?rest_route=\/wp\/v2\/pages\/139\/revisions"}],"predecessor-version":[{"id":1195,"href":"https:\/\/funkcionalnavadba.splet.arnes.si\/index.php?rest_route=\/wp\/v2\/pages\/139\/revisions\/1195"}],"wp:attachment":[{"href":"https:\/\/funkcionalnavadba.splet.arnes.si\/index.php?rest_route=%2Fwp%2Fv2%2Fmedia&parent=139"}],"curies":[{"name":"wp","href":"https:\/\/api.w.org\/{rel}","templated":true}]}}